{"id":337,"date":"2025-10-22T14:45:28","date_gmt":"2025-10-22T12:45:28","guid":{"rendered":"https:\/\/verhuisfraude.instawp.co\/?page_id=337"},"modified":"2025-11-03T16:33:11","modified_gmt":"2025-11-03T15:33:11","slug":"signalement-securise","status":"publish","type":"page","link":"https:\/\/verhuisfraude.mailbox-marketing11.be\/fr\/veilig-melden\/","title":{"rendered":"Des rapports s\u00fbrs"},"content":{"rendered":"<div data-elementor-type=\"wp-page\" data-elementor-id=\"337\" class=\"elementor elementor-337\" data-elementor-post-type=\"page\">\n\t\t\t\t<div class=\"elementor-element elementor-element-43cd589 e-flex e-con-boxed e-con e-parent\" data-id=\"43cd589\" data-element_type=\"container\" data-e-type=\"container\" data-settings=\"{&quot;background_background&quot;:&quot;classic&quot;}\">\n\t\t\t\t\t<div class=\"e-con-inner\">\n\t\t<div class=\"elementor-element elementor-element-834b91f e-con-full e-flex e-con e-child\" data-id=\"834b91f\" data-element_type=\"container\" data-e-type=\"container\">\n\t\t\t\t<div class=\"elementor-element elementor-element-864b648 elementor-widget elementor-widget-image\" data-id=\"864b648\" data-element_type=\"widget\" data-e-type=\"widget\" data-widget_type=\"image.default\">\n\t\t\t\t\t\t\t\t\t\t\t\t\t\t\t<img fetchpriority=\"high\" decoding=\"async\" width=\"800\" height=\"534\" src=\"https:\/\/verhuisfraude.mailbox-marketing11.be\/wp-content\/uploads\/2025\/10\/contact-verhuisfraude-1024x683.jpg\" class=\"attachment-large size-large wp-image-710\" alt=\"\" srcset=\"https:\/\/verhuisfraude.mailbox-marketing11.be\/wp-content\/uploads\/2025\/10\/contact-verhuisfraude-1024x683.jpg 1024w, https:\/\/verhuisfraude.mailbox-marketing11.be\/wp-content\/uploads\/2025\/10\/contact-verhuisfraude-500x333.jpg 500w, https:\/\/verhuisfraude.mailbox-marketing11.be\/wp-content\/uploads\/2025\/10\/contact-verhuisfraude-768x512.jpg 768w, https:\/\/verhuisfraude.mailbox-marketing11.be\/wp-content\/uploads\/2025\/10\/contact-verhuisfraude-18x12.jpg 18w, https:\/\/verhuisfraude.mailbox-marketing11.be\/wp-content\/uploads\/2025\/10\/contact-verhuisfraude.jpg 1152w\" sizes=\"(max-width: 800px) 100vw, 800px\" \/>\t\t\t\t\t\t\t\t\t\t\t\t\t\t\t<\/div>\n\t\t\t\t<\/div>\n\t\t<div class=\"elementor-element elementor-element-e06715c e-con-full e-flex e-con e-child\" data-id=\"e06715c\" data-element_type=\"container\" data-e-type=\"container\">\n\t\t\t\t<div class=\"elementor-element elementor-element-eb03551 elementor-widget__width-initial elementor-widget elementor-widget-heading\" data-id=\"eb03551\" data-element_type=\"widget\" data-e-type=\"widget\" data-widget_type=\"heading.default\">\n\t\t\t\t\t<h1 class=\"elementor-heading-title elementor-size-default\">Des rapports s\u00fbrs<\/h1>\t\t\t\t<\/div>\n\t\t\t\t<div class=\"elementor-element elementor-element-49a34c8 elementor-widget__width-initial elementor-widget elementor-widget-text-editor\" data-id=\"49a34c8\" data-element_type=\"widget\" data-e-type=\"widget\" data-widget_type=\"text-editor.default\">\n\t\t\t\t\t\t\t\t\t<p>Cette liste de contr\u00f4le permet d'identifier les pratiques frauduleuses des entreprises de d\u00e9m\u00e9nagement en mettant en \u00e9vidence des manquements sp\u00e9cifiques en mati\u00e8re d'administration, de finances et de gestion du personnel. Il s'agit d'un outil essentiel pour les d\u00e9clarants et les autorit\u00e9s afin d'\u00e9valuer la fiabilit\u00e9 des services de d\u00e9m\u00e9nagement et de renforcer la protection des consommateurs.<\/p>\t\t\t\t\t\t\t\t<\/div>\n\t\t\t\t<\/div>\n\t\t\t\t\t<\/div>\n\t\t\t\t<\/div>\n\t\t<div class=\"elementor-element elementor-element-02a391e e-flex e-con-boxed e-con e-parent\" data-id=\"02a391e\" data-element_type=\"container\" data-e-type=\"container\">\n\t\t\t\t\t<div class=\"e-con-inner\">\n\t\t<div class=\"elementor-element elementor-element-0f97165 e-con-full e-flex e-con e-child\" data-id=\"0f97165\" data-element_type=\"container\" data-e-type=\"container\">\n\t\t\t\t<div class=\"elementor-element elementor-element-199e8dd elementor-widget elementor-widget-heading\" data-id=\"199e8dd\" data-element_type=\"widget\" data-e-type=\"widget\" data-widget_type=\"heading.default\">\n\t\t\t\t\t<h2 class=\"elementor-heading-title elementor-size-default\">Mode d'emploi<\/h2>\t\t\t\t<\/div>\n\t\t\t\t<div class=\"elementor-element elementor-element-ec64672 elementor-widget elementor-widget-heading\" data-id=\"ec64672\" data-element_type=\"widget\" data-e-type=\"widget\" data-widget_type=\"heading.default\">\n\t\t\t\t\t<h3 class=\"elementor-heading-title elementor-size-default\">Pour les d\u00e9tecteurs<\/h3>\t\t\t\t<\/div>\n\t\t\t\t<div class=\"elementor-element elementor-element-d21b3f4 elementor-widget elementor-widget-text-editor\" data-id=\"d21b3f4\" data-element_type=\"widget\" data-e-type=\"widget\" data-widget_type=\"text-editor.default\">\n\t\t\t\t\t\t\t\t\t<ol><li>Cocher TOUTES les infractions applicables<\/li><li>En cas de doute : cochez \u00e9galement (mieux vaut une information que trop peu)<\/li><li>Au moins un \u00e9l\u00e9ment coch\u00e9 est n\u00e9cessaire pour soumettre une notification<\/li><li>Plus d'infractions = plus grande priorit\u00e9 pour les autorit\u00e9s<\/li><\/ol>\t\t\t\t\t\t\t\t<\/div>\n\t\t\t\t<div class=\"elementor-element elementor-element-e6f90e2 elementor-widget elementor-widget-heading\" data-id=\"e6f90e2\" data-element_type=\"widget\" data-e-type=\"widget\" data-widget_type=\"heading.default\">\n\t\t\t\t\t<h3 class=\"elementor-heading-title elementor-size-default\">Pour les autorit\u00e9s<\/h3>\t\t\t\t<\/div>\n\t\t\t\t<div class=\"elementor-element elementor-element-2e3d314 elementor-widget elementor-widget-text-editor\" data-id=\"2e3d314\" data-element_type=\"widget\" data-e-type=\"widget\" data-widget_type=\"text-editor.default\">\n\t\t\t\t\t\t\t\t\t<p><strong>Niveaux de priorit\u00e9 bas\u00e9s sur le nombre de violations :<\/strong><\/p><ul><li><strong>1-3 infractions<\/strong> = Risque faible (surveillance)<\/li><li><strong>4-8 infractions<\/strong> = Risque moyen (v\u00e9rification n\u00e9cessaire)<\/li><li><strong>9-15 infractions<\/strong> = Risque \u00e9lev\u00e9 (inspection prioritaire)<\/li><li>1<strong>6+ infractions<\/strong> = Risque critique (action imm\u00e9diate)<\/li><\/ul><p><br \/><strong>Les combinaisons critiques d\u00e9clenchent toujours une priorit\u00e9 \u00e9lev\u00e9e :<\/strong><\/p><ul><li>Indications de travail non d\u00e9clar\u00e9 (pas de TVA + argent liquide + pas de carte d'identit\u00e9 du personnel)<\/li><li>Risques pour la s\u00e9curit\u00e9 (pas de certificat d'ascension + pas d'assurance)<\/li><li>Mod\u00e8les d'escroquerie (paiement anticip\u00e9 + disparition)<\/li><\/ul>\t\t\t\t\t\t\t\t<\/div>\n\t\t\t\t<\/div>\n\t\t<div class=\"elementor-element elementor-element-b246b12 e-con-full e-flex e-con e-child\" data-id=\"b246b12\" data-element_type=\"container\" data-e-type=\"container\" data-settings=\"{&quot;background_background&quot;:&quot;classic&quot;}\">\n\t\t\t\t<div class=\"elementor-element elementor-element-69d13b1 elementor-widget elementor-widget-shortcode\" data-id=\"69d13b1\" data-element_type=\"widget\" data-e-type=\"widget\" id=\"dynamicIframe\" data-widget_type=\"shortcode.default\">\n\t\t\t\t\t\t\t<div class=\"elementor-shortcode\"><style>.trp-language-switcher{display:none!important;}<\/style><div class=\"gravity-form-container\" style=\"width: 100%; max-width: 800px; margin: 0 auto;\"><iframe id=\"gf-iframe-948-69fe04382a75e\" src=\"https:\/\/verhuisfraude.mailbox-marketing11.be\/fr\/vastgesteld-inbreuken\/\" width=\"100%\" height=\"800\" frameborder=\"0\" scrolling=\"no\" loading=\"lazy\" style=\"border: none; overflow: hidden; display: block;\" title=\"Formulaire de contact\"><\/iframe><\/div><\/div>\n\t\t\t\t\t\t<\/div>\n\t\t\t\t<\/div>\n\t\t\t\t\t<\/div>\n\t\t\t\t<\/div>\n\t\t<div class=\"elementor-element elementor-element-8090d56 e-flex e-con-boxed e-con e-parent\" data-id=\"8090d56\" data-element_type=\"container\" data-e-type=\"container\">\n\t\t\t\t\t<div class=\"e-con-inner\">\n\t\t\t\t\t<\/div>\n\t\t\t\t<\/div>\n\t\t\t\t<\/div>","protected":false},"excerpt":{"rendered":"<p>Veilig melden Deze checklist helpt bij het herkennen van frauduleuze praktijken van verhuisbedrijven door specifieke inbreuken op te sporen in administratie, financi\u00ebn, en personeelsbeheer. Het is een essentieel hulpmiddel voor zowel melders als autoriteiten om de betrouwbaarheid van verhuisdiensten te beoordelen en consumentenbescherming te versterken. Gebruiksersinstructies Voor melders Vink ALLE toepasselijke inbreuken aan Bij twijfel: [&hellip;]<\/p>\n","protected":false},"author":1,"featured_media":0,"parent":0,"menu_order":0,"comment_status":"closed","ping_status":"closed","template":"","meta":{"footnotes":""},"class_list":["post-337","page","type-page","status-publish","hentry"],"_links":{"self":[{"href":"https:\/\/verhuisfraude.mailbox-marketing11.be\/fr\/wp-json\/wp\/v2\/pages\/337","targetHints":{"allow":["GET"]}}],"collection":[{"href":"https:\/\/verhuisfraude.mailbox-marketing11.be\/fr\/wp-json\/wp\/v2\/pages"}],"about":[{"href":"https:\/\/verhuisfraude.mailbox-marketing11.be\/fr\/wp-json\/wp\/v2\/types\/page"}],"author":[{"embeddable":true,"href":"https:\/\/verhuisfraude.mailbox-marketing11.be\/fr\/wp-json\/wp\/v2\/users\/1"}],"replies":[{"embeddable":true,"href":"https:\/\/verhuisfraude.mailbox-marketing11.be\/fr\/wp-json\/wp\/v2\/comments?post=337"}],"version-history":[{"count":3,"href":"https:\/\/verhuisfraude.mailbox-marketing11.be\/fr\/wp-json\/wp\/v2\/pages\/337\/revisions"}],"predecessor-version":[{"id":998,"href":"https:\/\/verhuisfraude.mailbox-marketing11.be\/fr\/wp-json\/wp\/v2\/pages\/337\/revisions\/998"}],"wp:attachment":[{"href":"https:\/\/verhuisfraude.mailbox-marketing11.be\/fr\/wp-json\/wp\/v2\/media?parent=337"}],"curies":[{"name":"wp","href":"https:\/\/api.w.org\/{rel}","templated":true}]}}