{"id":339,"date":"2025-10-22T14:45:40","date_gmt":"2025-10-22T12:45:40","guid":{"rendered":"https:\/\/verhuisfraude.instawp.co\/?page_id=339"},"modified":"2025-11-03T16:27:30","modified_gmt":"2025-11-03T15:27:30","slug":"information-prevention","status":"publish","type":"page","link":"https:\/\/verhuisfraude.mailbox-marketing11.be\/fr\/informatie-preventie\/","title":{"rendered":"Information et pr\u00e9vention"},"content":{"rendered":"<div data-elementor-type=\"wp-page\" data-elementor-id=\"339\" class=\"elementor elementor-339\" data-elementor-post-type=\"page\">\n\t\t\t\t<div class=\"elementor-element elementor-element-e20a574 e-flex e-con-boxed e-con e-parent\" data-id=\"e20a574\" data-element_type=\"container\" data-e-type=\"container\" data-settings=\"{&quot;background_background&quot;:&quot;classic&quot;}\">\n\t\t\t\t\t<div class=\"e-con-inner\">\n\t\t<div class=\"elementor-element elementor-element-875391d e-con-full e-flex e-con e-child\" data-id=\"875391d\" data-element_type=\"container\" data-e-type=\"container\">\n\t\t\t\t<div class=\"elementor-element elementor-element-7c9c563 elementor-widget elementor-widget-image\" data-id=\"7c9c563\" data-element_type=\"widget\" data-e-type=\"widget\" data-widget_type=\"image.default\">\n\t\t\t\t\t\t\t\t\t\t\t\t\t\t\t<img fetchpriority=\"high\" decoding=\"async\" width=\"800\" height=\"534\" src=\"https:\/\/verhuisfraude.mailbox-marketing11.be\/wp-content\/uploads\/2025\/10\/Verhuisfraude-informatie-preventie-1024x684.jpg\" class=\"attachment-large size-large wp-image-497\" alt=\"\" srcset=\"https:\/\/verhuisfraude.mailbox-marketing11.be\/wp-content\/uploads\/2025\/10\/Verhuisfraude-informatie-preventie-1024x684.jpg 1024w, https:\/\/verhuisfraude.mailbox-marketing11.be\/wp-content\/uploads\/2025\/10\/Verhuisfraude-informatie-preventie-500x334.jpg 500w, https:\/\/verhuisfraude.mailbox-marketing11.be\/wp-content\/uploads\/2025\/10\/Verhuisfraude-informatie-preventie-768x513.jpg 768w, https:\/\/verhuisfraude.mailbox-marketing11.be\/wp-content\/uploads\/2025\/10\/Verhuisfraude-informatie-preventie-1536x1025.jpg 1536w, https:\/\/verhuisfraude.mailbox-marketing11.be\/wp-content\/uploads\/2025\/10\/Verhuisfraude-informatie-preventie-18x12.jpg 18w, https:\/\/verhuisfraude.mailbox-marketing11.be\/wp-content\/uploads\/2025\/10\/Verhuisfraude-informatie-preventie.jpg 1618w\" sizes=\"(max-width: 800px) 100vw, 800px\" \/>\t\t\t\t\t\t\t\t\t\t\t\t\t\t\t<\/div>\n\t\t\t\t<\/div>\n\t\t<div class=\"elementor-element elementor-element-f7eb921 e-con-full e-flex e-con e-child\" data-id=\"f7eb921\" data-element_type=\"container\" data-e-type=\"container\">\n\t\t\t\t<div class=\"elementor-element elementor-element-6313ec8 elementor-widget__width-initial elementor-widget elementor-widget-heading\" data-id=\"6313ec8\" data-element_type=\"widget\" data-e-type=\"widget\" data-widget_type=\"heading.default\">\n\t\t\t\t\t<h1 class=\"elementor-heading-title elementor-size-default\">Information et pr\u00e9vention<\/h1>\t\t\t\t<\/div>\n\t\t\t\t<div class=\"elementor-element elementor-element-877fa86 elementor-widget__width-initial elementor-widget elementor-widget-text-editor\" data-id=\"877fa86\" data-element_type=\"widget\" data-e-type=\"widget\" data-widget_type=\"text-editor.default\">\n\t\t\t\t\t\t\t\t\t<p>D\u00e9m\u00e9nager est une \u00e9tape importante, mais il existe malheureusement des entreprises malhonn\u00eates qui cherchent \u00e0 tirer profit de cette situation. Apprenez \u00e0 rep\u00e9rer ces d\u00e9m\u00e9nageurs douteux, v\u00e9rifiez leur authenticit\u00e9 \u00e0 l'aide d'une liste de contr\u00f4le pratique, d\u00e9couvrez vos droits en tant que consommateur et utilisez les ressources officielles belges pour d\u00e9m\u00e9nager en toute s\u00e9curit\u00e9 et sans souci.<\/p>\t\t\t\t\t\t\t\t<\/div>\n\t\t\t\t<\/div>\n\t\t\t\t\t<\/div>\n\t\t\t\t<\/div>\n\t\t<div class=\"elementor-element elementor-element-d1e254a e-flex e-con-boxed e-con e-parent\" data-id=\"d1e254a\" data-element_type=\"container\" data-e-type=\"container\">\n\t\t\t\t\t<div class=\"e-con-inner\">\n\t\t\t\t\t<\/div>\n\t\t\t\t<\/div>\n\t\t\t\t<\/div>","protected":false},"excerpt":{"rendered":"<p>Informatie &amp; preventie Verhuizen is een belangrijke stap, maar helaas zijn er malafide bedrijven die van deze situatie willen profiteren. Leer hoe je deze onbetrouwbare verhuizers kunt herkennen, verifieer hun authenticiteit met een handige checklist, ontdek je rechten als consument en maak gebruik van offici\u00eble Belgische bronnen voor een veilige en zorgeloze verhuiservaring. Lees meer [&hellip;]<\/p>\n","protected":false},"author":1,"featured_media":0,"parent":0,"menu_order":0,"comment_status":"closed","ping_status":"closed","template":"","meta":{"footnotes":""},"class_list":["post-339","page","type-page","status-publish","hentry"],"_links":{"self":[{"href":"https:\/\/verhuisfraude.mailbox-marketing11.be\/fr\/wp-json\/wp\/v2\/pages\/339","targetHints":{"allow":["GET"]}}],"collection":[{"href":"https:\/\/verhuisfraude.mailbox-marketing11.be\/fr\/wp-json\/wp\/v2\/pages"}],"about":[{"href":"https:\/\/verhuisfraude.mailbox-marketing11.be\/fr\/wp-json\/wp\/v2\/types\/page"}],"author":[{"embeddable":true,"href":"https:\/\/verhuisfraude.mailbox-marketing11.be\/fr\/wp-json\/wp\/v2\/users\/1"}],"replies":[{"embeddable":true,"href":"https:\/\/verhuisfraude.mailbox-marketing11.be\/fr\/wp-json\/wp\/v2\/comments?post=339"}],"version-history":[{"count":3,"href":"https:\/\/verhuisfraude.mailbox-marketing11.be\/fr\/wp-json\/wp\/v2\/pages\/339\/revisions"}],"predecessor-version":[{"id":995,"href":"https:\/\/verhuisfraude.mailbox-marketing11.be\/fr\/wp-json\/wp\/v2\/pages\/339\/revisions\/995"}],"wp:attachment":[{"href":"https:\/\/verhuisfraude.mailbox-marketing11.be\/fr\/wp-json\/wp\/v2\/media?parent=339"}],"curies":[{"name":"wp","href":"https:\/\/api.w.org\/{rel}","templated":true}]}}