{"id":47,"date":"2025-10-15T15:31:37","date_gmt":"2025-10-15T15:31:37","guid":{"rendered":"https:\/\/verhuisfraude.instawp.co\/?page_id=47"},"modified":"2025-11-03T15:15:50","modified_gmt":"2025-11-03T14:15:50","slug":"contact","status":"publish","type":"page","link":"https:\/\/verhuisfraude.mailbox-marketing11.be\/fr\/contact\/","title":{"rendered":"Contact"},"content":{"rendered":"\t\t<div data-elementor-type=\"wp-page\" data-elementor-id=\"47\" class=\"elementor elementor-47\" data-elementor-post-type=\"page\">\n\t\t\t\t<div class=\"elementor-element elementor-element-c92b16b e-flex e-con-boxed e-con e-parent\" data-id=\"c92b16b\" data-element_type=\"container\" data-e-type=\"container\" data-settings=\"{&quot;background_background&quot;:&quot;classic&quot;}\">\n\t\t\t\t\t<div class=\"e-con-inner\">\n\t\t<div class=\"elementor-element elementor-element-adef0b4 e-con-full e-flex e-con e-child\" data-id=\"adef0b4\" data-element_type=\"container\" data-e-type=\"container\">\n\t\t\t\t<div class=\"elementor-element elementor-element-3df20ab elementor-widget__width-initial elementor-widget elementor-widget-heading\" data-id=\"3df20ab\" data-element_type=\"widget\" data-e-type=\"widget\" data-widget_type=\"heading.default\">\n\t\t\t\t\t<h1 class=\"elementor-heading-title elementor-size-default\">Contact<\/h1>\t\t\t\t<\/div>\n\t\t\t\t<div class=\"elementor-element elementor-element-53b6198 elementor-widget__width-initial elementor-widget elementor-widget-text-editor\" data-id=\"53b6198\" data-element_type=\"widget\" data-e-type=\"widget\" data-widget_type=\"text-editor.default\">\n\t\t\t\t\t\t\t\t\t<p>We begrijpen dat verhuisproblemen stressvol kunnen zijn.<br \/>Daarom hebben we alle betrouwbare hulplijnen en offici\u00eble instanties voor je verzameld.<\/p><p>Of je nu dringende hulp nodig hebt, juridische vragen hebt of gewoon advies zoekt: hier vind je meteen de juiste contactpersoon.<\/p>\t\t\t\t\t\t\t\t<\/div>\n\t\t\t\t<\/div>\n\t\t<div class=\"elementor-element elementor-element-373e92b e-con-full e-flex e-con e-child\" data-id=\"373e92b\" data-element_type=\"container\" data-e-type=\"container\">\n\t\t\t\t<div class=\"elementor-element elementor-element-148f12e elementor-widget elementor-widget-image\" data-id=\"148f12e\" data-element_type=\"widget\" data-e-type=\"widget\" data-widget_type=\"image.default\">\n\t\t\t\t\t\t\t\t\t\t\t\t\t\t\t<img fetchpriority=\"high\" decoding=\"async\" width=\"800\" height=\"534\" src=\"https:\/\/verhuisfraude.mailbox-marketing11.be\/wp-content\/uploads\/2025\/10\/contact-verhuisfraude-1024x683.jpg\" class=\"attachment-large size-large wp-image-710\" alt=\"\" srcset=\"https:\/\/verhuisfraude.mailbox-marketing11.be\/wp-content\/uploads\/2025\/10\/contact-verhuisfraude-1024x683.jpg 1024w, https:\/\/verhuisfraude.mailbox-marketing11.be\/wp-content\/uploads\/2025\/10\/contact-verhuisfraude-500x333.jpg 500w, https:\/\/verhuisfraude.mailbox-marketing11.be\/wp-content\/uploads\/2025\/10\/contact-verhuisfraude-768x512.jpg 768w, https:\/\/verhuisfraude.mailbox-marketing11.be\/wp-content\/uploads\/2025\/10\/contact-verhuisfraude-18x12.jpg 18w, https:\/\/verhuisfraude.mailbox-marketing11.be\/wp-content\/uploads\/2025\/10\/contact-verhuisfraude.jpg 1152w\" sizes=\"(max-width: 800px) 100vw, 800px\" \/>\t\t\t\t\t\t\t\t\t\t\t\t\t\t\t<\/div>\n\t\t\t\t<\/div>\n\t\t\t\t\t<\/div>\n\t\t\t\t<\/div>\n\t\t<div class=\"elementor-element elementor-element-434d916 e-flex e-con-boxed e-con e-parent\" data-id=\"434d916\" data-element_type=\"container\" data-e-type=\"container\">\n\t\t\t\t\t<div class=\"e-con-inner\">\n\t\t<div class=\"elementor-element elementor-element-d663e88 e-con-full e-flex e-con e-child\" data-id=\"d663e88\" data-element_type=\"container\" data-e-type=\"container\">\n\t\t\t\t<div class=\"elementor-element elementor-element-ca46357 elementor-widget elementor-widget-jet-smart-filters-pagination\" data-id=\"ca46357\" data-element_type=\"widget\" data-e-type=\"widget\" data-widget_type=\"jet-smart-filters-pagination.default\">\n\t\t\t\t<div class=\"elementor-widget-container\">\n\t\t\t\t\t<div\n\t\t\t\tclass=\"jet-smart-filters-pagination jet-filter\"\n\t\t\t\tdata-apply-provider=\"jet-engine\"\n\t\t\t\tdata-content-provider=\"jet-engine\"\n\t\t\t\tdata-query-id=\"contactenlijst\"\n\t\t\t\tdata-controls=\"{&quot;items_enabled&quot;:true,&quot;pages_mid_size&quot;:0,&quot;pages_end_size&quot;:0,&quot;nav_enabled&quot;:true,&quot;prev&quot;:&quot;Vorige&quot;,&quot;next&quot;:&quot;Volgende&quot;,&quot;hide_inactive_nav&quot;:true,&quot;load_more_enabled&quot;:false,&quot;provider_top_offset&quot;:0}\"\n\t\t\t\tdata-apply-type=\"ajax\"\n\t\t\t><\/div>\t\t\t\t<\/div>\n\t\t\t\t<\/div>\n\t\t\t\t<\/div>\n\t\t<div class=\"elementor-element elementor-element-a970247 e-con-full e-flex e-con e-child\" data-id=\"a970247\" data-element_type=\"container\" data-e-type=\"container\">\n\t\t<div class=\"elementor-element elementor-element-cdcda9d e-con-full e-flex e-con e-child\" data-id=\"cdcda9d\" data-element_type=\"container\" data-e-type=\"container\">\n\t\t<article class=\"elementor-element elementor-element-f2b6f9c e-con-full e-flex e-con e-child\" data-id=\"f2b6f9c\" data-element_type=\"container\" data-e-type=\"container\" data-settings=\"{&quot;background_background&quot;:&quot;classic&quot;,&quot;sticky&quot;:&quot;top&quot;,&quot;sticky_on&quot;:[&quot;desktop&quot;],&quot;sticky_parent&quot;:&quot;yes&quot;,&quot;sticky_offset&quot;:0,&quot;sticky_effects_offset&quot;:0,&quot;sticky_anchor_link_offset&quot;:0}\">\n\t\t\t\t<div class=\"elementor-element elementor-element-314271f elementor-widget elementor-widget-jet-smart-filters-checkboxes\" data-id=\"314271f\" data-element_type=\"widget\" data-e-type=\"widget\" data-widget_type=\"jet-smart-filters-checkboxes.default\">\n\t\t\t\t<div class=\"elementor-widget-container\">\n\t\t\t\t\t<div class=\"jet-smart-filters-checkboxes jet-filter \" data-indexer-rule=\"show\" data-show-counter=\"\" data-change-counter=\"always\"><div class=\"jet-filter-label\">Contacttype<\/div>\n<\/div>\t\t\t\t<\/div>\n\t\t\t\t<\/div>\n\t\t\t\t<\/article>\n\t\t\t\t<\/div>\n\t\t<div class=\"elementor-element elementor-element-fe1f7ae e-con-full e-flex e-con e-child\" data-id=\"fe1f7ae\" data-element_type=\"container\" data-e-type=\"container\">\n\t\t\t\t<div class=\"elementor-element elementor-element-ff01350 elementor-widget elementor-widget-template\" data-id=\"ff01350\" data-element_type=\"widget\" data-e-type=\"widget\" data-widget_type=\"template.default\">\n\t\t\t\t<div class=\"elementor-widget-container\">\n\t\t\t\t\t\t\t<div class=\"elementor-template\">\n\t\t\t\t\t<div data-elementor-type=\"container\" data-elementor-id=\"787\" class=\"elementor elementor-787\" data-elementor-post-type=\"elementor_library\">\n\t\t\t\t<article class=\"elementor-element elementor-element-78dd61d2 card e-con-full e-flex e-con e-child\" data-id=\"78dd61d2\" data-element_type=\"container\" data-e-type=\"container\" data-settings=\"{&quot;background_background&quot;:&quot;classic&quot;}\">\n\t\t<div class=\"elementor-element elementor-element-31f0db43 e-con-full e-flex e-con e-child\" data-id=\"31f0db43\" data-element_type=\"container\" data-e-type=\"container\" data-settings=\"{&quot;background_background&quot;:&quot;classic&quot;}\">\n\t\t\t\t<div class=\"elementor-element elementor-element-7cc25df4 elementor-widget elementor-widget-image\" data-id=\"7cc25df4\" data-element_type=\"widget\" data-e-type=\"widget\" data-widget_type=\"image.default\">\n\t\t\t\t\t\t\t\t\t\t\t\t\t\t\t<img decoding=\"async\" width=\"800\" height=\"534\" src=\"https:\/\/verhuisfraude.mailbox-marketing11.be\/wp-content\/uploads\/2025\/10\/Erkend-verhuizer-sfeerfoto-2.jpg\" class=\"attachment-large size-large wp-image-145\" alt=\"\" srcset=\"https:\/\/verhuisfraude.mailbox-marketing11.be\/wp-content\/uploads\/2025\/10\/Erkend-verhuizer-sfeerfoto-2.jpg 1000w, https:\/\/verhuisfraude.mailbox-marketing11.be\/wp-content\/uploads\/2025\/10\/Erkend-verhuizer-sfeerfoto-2-500x334.jpg 500w, https:\/\/verhuisfraude.mailbox-marketing11.be\/wp-content\/uploads\/2025\/10\/Erkend-verhuizer-sfeerfoto-2-768x512.jpg 768w, https:\/\/verhuisfraude.mailbox-marketing11.be\/wp-content\/uploads\/2025\/10\/Erkend-verhuizer-sfeerfoto-2-18x12.jpg 18w\" sizes=\"(max-width: 800px) 100vw, 800px\" \/>\t\t\t\t\t\t\t\t\t\t\t\t\t\t\t<\/div>\n\t\t\t\t<\/div>\n\t\t<div class=\"elementor-element elementor-element-75f35f45 e-con-full e-flex e-con e-child\" data-id=\"75f35f45\" data-element_type=\"container\" data-e-type=\"container\" data-settings=\"{&quot;background_background&quot;:&quot;classic&quot;}\">\n\t\t<div class=\"elementor-element elementor-element-7ff28709 e-con-full e-flex e-con e-child\" data-id=\"7ff28709\" data-element_type=\"container\" data-e-type=\"container\">\n\t\t\t\t<div class=\"elementor-element elementor-element-ceacfa9 elementor-widget__width-inherit elementor-widget elementor-widget-heading\" data-id=\"ceacfa9\" data-element_type=\"widget\" data-e-type=\"widget\" data-widget_type=\"heading.default\">\n\t\t\t\t\t<h3 class=\"elementor-heading-title elementor-size-default\">Word je geconfronteerd met verhuisfraude?<\/h3>\t\t\t\t<\/div>\n\t\t\t\t<div class=\"elementor-element elementor-element-485eee2b elementor-widget elementor-widget-text-editor\" data-id=\"485eee2b\" data-element_type=\"widget\" data-e-type=\"widget\" data-widget_type=\"text-editor.default\">\n\t\t\t\t\t\t\t\t\t<p>Wacht niet tot de schade verergert.\u00a0Elke dag telt\u00a0wanneer je slachtoffer bent van fraude. Start nu een veilige melding en krijg direct hulp van de autoriteiten.<\/p>\t\t\t\t\t\t\t\t<\/div>\n\t\t\t\t<div class=\"elementor-element elementor-element-74b35f08 primary-button elementor-widget elementor-widget-button\" data-id=\"74b35f08\" data-element_type=\"widget\" data-e-type=\"widget\" data-widget_type=\"button.default\">\n\t\t\t\t\t\t\t\t\t\t<a class=\"elementor-button elementor-button-link elementor-size-sm\" href=\"https:\/\/verhuisfraude.mailbox-marketing11.be\/fr\/veilig-melden\/\">\n\t\t\t\t\t\t<span class=\"elementor-button-content-wrapper\">\n\t\t\t\t\t\t\t\t\t<span class=\"elementor-button-text\">Start veilige melding<\/span>\n\t\t\t\t\t<\/span>\n\t\t\t\t\t<\/a>\n\t\t\t\t\t\t\t\t<\/div>\n\t\t\t\t<\/div>\n\t\t\t\t<\/div>\n\t\t\t\t<\/article>\n\t\t\t\t<\/div>\n\t\t\t\t<\/div>\n\t\t\t\t\t\t<\/div>\n\t\t\t\t<\/div>\n\t\t\t\t<\/div>\n\t\t\t\t<\/div>\n\t\t\t\t\t<\/div>\n\t\t\t\t<\/div>\n\t\t\t\t<\/div>\n\t\t","protected":false},"excerpt":{"rendered":"<p>We begrijpen dat verhuisproblemen stressvol kunnen zijn.Daarom hebben we alle betrouwbare hulplijnen en offici\u00eble instanties voor je verzameld. Of je nu dringende hulp nodig hebt, juridische vragen hebt of gewoon advies zoekt: hier vind je meteen de juiste contactpersoon. Noodcontacten Noodcontacten Noodcontacten Offici\u00eble autoriteiten Offici\u00eble autoriteiten Offici\u00eble autoriteiten Contacttype Contacttype Consumentenbescherming Juridische hulp Noodcontacten Offici\u00eble [&hellip;]<\/p>\n","protected":false},"author":1,"featured_media":0,"parent":0,"menu_order":0,"comment_status":"closed","ping_status":"closed","template":"","meta":{"footnotes":""},"class_list":["post-47","page","type-page","status-publish","hentry"],"_links":{"self":[{"href":"https:\/\/verhuisfraude.mailbox-marketing11.be\/fr\/wp-json\/wp\/v2\/pages\/47","targetHints":{"allow":["GET"]}}],"collection":[{"href":"https:\/\/verhuisfraude.mailbox-marketing11.be\/fr\/wp-json\/wp\/v2\/pages"}],"about":[{"href":"https:\/\/verhuisfraude.mailbox-marketing11.be\/fr\/wp-json\/wp\/v2\/types\/page"}],"author":[{"embeddable":true,"href":"https:\/\/verhuisfraude.mailbox-marketing11.be\/fr\/wp-json\/wp\/v2\/users\/1"}],"replies":[{"embeddable":true,"href":"https:\/\/verhuisfraude.mailbox-marketing11.be\/fr\/wp-json\/wp\/v2\/comments?post=47"}],"version-history":[{"count":3,"href":"https:\/\/verhuisfraude.mailbox-marketing11.be\/fr\/wp-json\/wp\/v2\/pages\/47\/revisions"}],"predecessor-version":[{"id":945,"href":"https:\/\/verhuisfraude.mailbox-marketing11.be\/fr\/wp-json\/wp\/v2\/pages\/47\/revisions\/945"}],"wp:attachment":[{"href":"https:\/\/verhuisfraude.mailbox-marketing11.be\/fr\/wp-json\/wp\/v2\/media?parent=47"}],"curies":[{"name":"wp","href":"https:\/\/api.w.org\/{rel}","templated":true}]}}